{"id":5999,"date":"2025-09-29T14:28:52","date_gmt":"2025-09-29T14:28:52","guid":{"rendered":"https:\/\/ft.univ-boumerdes.dz\/?page_id=5999"},"modified":"2025-09-29T14:52:08","modified_gmt":"2025-09-29T14:52:08","slug":"prime-de-recherche-prfu2025","status":"publish","type":"page","link":"https:\/\/ft.univ-boumerdes.dz\/?page_id=5999","title":{"rendered":"Prime de recherche PRFU2025"},"content":{"rendered":"\t\t<div data-elementor-type=\"wp-page\" data-elementor-id=\"5999\" class=\"elementor elementor-5999\">\n\t\t\t\t<div class=\"elementor-element elementor-element-631825a e-flex e-con-boxed e-con e-parent\" data-id=\"631825a\" data-element_type=\"container\" data-e-type=\"container\">\n\t\t\t\t\t<div class=\"e-con-inner\">\n\t\t\t\t<div class=\"elementor-element elementor-element-e24750e elementor-widget elementor-widget-heading\" data-id=\"e24750e\" data-element_type=\"widget\" data-e-type=\"widget\" data-widget_type=\"heading.default\">\n\t\t\t\t<div class=\"elementor-widget-container\">\n\t\t\t\t\t<h2 class=\"elementor-heading-title elementor-size-default\">Prime de Recherche PRFU ann\u00e9e 2025\n<\/h2>\t\t\t\t<\/div>\n\t\t\t\t<\/div>\n\t\t\t\t\t<\/div>\n\t\t\t\t<\/div>\n\t\t<div class=\"elementor-element elementor-element-e5512a3 e-flex e-con-boxed e-con e-parent\" data-id=\"e5512a3\" data-element_type=\"container\" data-e-type=\"container\">\n\t\t\t\t\t<div class=\"e-con-inner\">\n\t\t\t\t\t<\/div>\n\t\t\t\t<\/div>\n\t\t<div class=\"elementor-element elementor-element-18ce8ae e-flex e-con-boxed e-con e-parent\" data-id=\"18ce8ae\" data-element_type=\"container\" data-e-type=\"container\">\n\t\t\t\t\t<div class=\"e-con-inner\">\n\t\t\t\t<div class=\"elementor-element elementor-element-1b15a6a elementor-widget elementor-widget-text-editor\" data-id=\"1b15a6a\" data-element_type=\"widget\" data-e-type=\"widget\" data-widget_type=\"text-editor.default\">\n\t\t\t\t<div class=\"elementor-widget-container\">\n\t\t\t\t\t\t\t\t\t<div class=\"gmail_default\"><span style=\"font-family: verdana, sans-serif; font-size: large;\">Conform\u00e9ment \u00e0 la correspondance\u00a0<b>VRPGRH n\u00b094\/2025<\/b>\u00a0relative \u00e0 la\u00a0pr\u00e9paration des dossiers de paiement des r\u00e9tributions des projets PRFU agr\u00e9\u00e9s pour les ann\u00e9es\u00a0<b>2022 et 2023<\/b>, nous vous prions de bien vouloir nous transmettre le dossier avant le\u00a0<b><span style=\"color: #ff0000;\">Lundi\u00a006\/10\/2025<\/span><\/b>.\u00a0\u00a0<b>Dossier \u00e0 fournir : se r\u00e9f\u00e9rer \u00e0 la note\u00a0<\/b><b>VRPGRH n\u00b094\/2025.<\/b><\/span><\/div><div class=\"gmail_default\"><b>\u00a0<\/b><\/div><div class=\"gmail_default\"><span style=\"font-size: 14pt; color: #333399;\"><b><u>Constitution du dossier<\/u><\/b><\/span><b><\/b><\/div><div class=\"gmail_default\"><b>\u00a0<\/b><\/div><div class=\"gmail_default\"><div class=\"gmail_default\"><span style=\"font-family: verdana, sans-serif; font-size: large; color: #ff6600;\"><b><u>Pour l&#8217;ensemble des chercheurs:<\/u><\/b><\/span><\/div><div class=\"gmail_default\"><ul><li><span style=\"font-family: verdana, sans-serif; font-size: large;\"><b>Quatre (04) exemplaires de l&#8217;\u00e9tat de paiement pour l&#8217;ann\u00e9e 2025, d\u00fbment remplis et sign\u00e9s; (<a href=\"https:\/\/ft.univ-boumerdes.dz\/wp-content\/uploads\/2025\/09\/Etat-de-paiement-PRFU-2025.docx\" target=\"_blank\" rel=\"noopener\">t\u00e9l\u00e9chargeable sur le site de la FT<\/a>)<\/b><\/span><\/li><li><span style=\"font-family: verdana, sans-serif; font-size: large;\"><b>Quatre (04) exemplaires de l&#8217;\u00e9tat de reconduction de chaque projet;<\/b><\/span><\/li><li><span style=\"font-family: verdana, sans-serif; font-size: large;\"><b>Quatre (04) exemplaires de l&#8217;arr\u00eat\u00e9 de titularisation de chaque membre.<\/b><\/span><\/li><\/ul><\/div><div class=\"gmail_default\"><span style=\"font-family: verdana, sans-serif; font-size: large;\"><b>\u00a0<\/b><\/span><\/div><div class=\"gmail_default\"><span style=\"font-family: verdana, sans-serif; font-size: large; color: #ff6600;\"><b><u>Pour les chercheurs externes \u00e0 l&#8217;UMBB:<\/u><\/b><\/span><\/div><div class=\"gmail_default\"><span style=\"font-family: verdana, sans-serif; font-size: large;\"><b>\u00a0<\/b><\/span><\/div><div class=\"gmail_default\"><ul><li><span style=\"font-family: verdana, sans-serif; font-size: large;\"><b>Quatre (04) exemplaires de l&#8217;autorisation de non perception de la prime de recherche sign\u00e9e par le Vice-recteur charg\u00e9 de la PG;<\/b><\/span><\/li><li><span style=\"font-family: verdana, sans-serif; font-size: large;\"><b>Quatre (04) exemplaires de de l&#8217;attestation justifiant que le chercheur n&#8217;a pas de b\u00e9n\u00e9fici\u00e9 de mise en disponibilit\u00e9, d\u00e9tachement hors secteur de l&#8217;enseignement sup\u00e9rieur et de la recherche scientifique ou cong\u00e9 de maternit\u00e9,<\/b><\/span><\/li><li><span style=\"font-family: verdana, sans-serif; font-size: large;\"><b>Un (01) ch\u00e8que barr\u00e9 CCP.<\/b><\/span><\/li><\/ul><\/div><\/div>\t\t\t\t\t\t\t\t<\/div>\n\t\t\t\t<\/div>\n\t\t\t\t\t<\/div>\n\t\t\t\t<\/div>\n\t\t<div class=\"elementor-element elementor-element-861a454 e-flex e-con-boxed e-con e-parent\" data-id=\"861a454\" data-element_type=\"container\" data-e-type=\"container\">\n\t\t\t\t\t<div class=\"e-con-inner\">\n\t\t\t\t<div class=\"elementor-element elementor-element-31689c2 elementor-widget elementor-widget-text-editor\" data-id=\"31689c2\" data-element_type=\"widget\" data-e-type=\"widget\" data-widget_type=\"text-editor.default\">\n\t\t\t\t<div class=\"elementor-widget-container\">\n\t\t\t\t\t\t\t\t\t<ul><li><h3><span style=\"font-size: 12pt; color: #003300;\"><span style=\"font-family: verdana, geneva, sans-serif;\"><b>La correspondance\u00a0<\/b><\/span><b><span style=\"font-family: verdana, geneva, sans-serif;\">de la prime de recherche\u00a0<\/span> &#8211; <\/b><\/span><b style=\"font-size: 16px;\"><span style=\"font-size: 12pt; color: #003300;\"><span style=\"font-family: verdana, sans-serif;\">VRPGRH\u00a0<\/span><span style=\"font-size: 14pt;\">N\u00b094\/2025<\/span><\/span> <span style=\"color: #0000ff;\">(<a style=\"color: #0000ff;\" href=\"https:\/\/ft.univ-boumerdes.dz\/wp-content\/uploads\/2025\/09\/prime-de-recherhce-1.pdf\" target=\"_blank\" rel=\"noopener\">voir PJ<\/a>)<\/span>;<\/b><\/h3><\/li><li><span style=\"color: #333333; font-family: verdana, sans-serif; font-size: large;\"><b><span style=\"color: #003300;\"><span style=\"font-size: 12pt;\">Etat de paiement pour l&#8217;ann\u00e9e 2025<\/span>;<\/span>\u00a0<\/b><\/span><span style=\"color: #0000ff;\"><b>(<a style=\"color: #0000ff;\" href=\"https:\/\/ft.univ-boumerdes.dz\/wp-content\/uploads\/2025\/09\/Etat-de-paiement-PRFU-2025.docx\" target=\"_blank\" rel=\"noopener\">voir PJ<\/a>)<\/b><\/span><\/li><\/ul>\t\t\t\t\t\t\t\t<\/div>\n\t\t\t\t<\/div>\n\t\t\t\t\t<\/div>\n\t\t\t\t<\/div>\n\t\t\t\t<\/div>\n\t\t","protected":false},"excerpt":{"rendered":"<p>Prime de Recherche PRFU ann\u00e9e 2025 Conform\u00e9ment \u00e0 la correspondance\u00a0VRPGRH n\u00b094\/2025\u00a0relative \u00e0 la\u00a0pr\u00e9paration des dossiers de paiement des r\u00e9tributions des projets PRFU agr\u00e9\u00e9s pour les ann\u00e9es\u00a02022 et 2023, nous vous prions de bien vouloir nous transmettre le dossier avant le\u00a0Lundi\u00a006\/10\/2025.\u00a0\u00a0Dossier \u00e0 fournir : se r\u00e9f\u00e9rer \u00e0 la note\u00a0VRPGRH n\u00b094\/2025.\u00a0Constitution du dossier\u00a0Pour l&#8217;ensemble des chercheurs: Quatre [&hellip;]<\/p>\n","protected":false},"author":1,"featured_media":0,"parent":0,"menu_order":0,"comment_status":"closed","ping_status":"closed","template":"","meta":{"ocean_post_layout":"full-screen","ocean_both_sidebars_style":"","ocean_both_sidebars_content_width":0,"ocean_both_sidebars_sidebars_width":0,"ocean_sidebar":"0","ocean_second_sidebar":"0","ocean_disable_margins":"enable","ocean_add_body_class":"","ocean_shortcode_before_top_bar":"","ocean_shortcode_after_top_bar":"","ocean_shortcode_before_header":"","ocean_shortcode_after_header":"","ocean_has_shortcode":"","ocean_shortcode_after_title":"","ocean_shortcode_before_footer_widgets":"","ocean_shortcode_after_footer_widgets":"","ocean_shortcode_before_footer_bottom":"","ocean_shortcode_after_footer_bottom":"","ocean_display_top_bar":"off","ocean_display_header":"on","ocean_header_style":"custom","ocean_center_header_left_menu":"0","ocean_custom_header_template":"1327","ocean_custom_logo":0,"ocean_custom_retina_logo":0,"ocean_custom_logo_max_width":0,"ocean_custom_logo_tablet_max_width":0,"ocean_custom_logo_mobile_max_width":0,"ocean_custom_logo_max_height":0,"ocean_custom_logo_tablet_max_height":0,"ocean_custom_logo_mobile_max_height":0,"ocean_header_custom_menu":"0","ocean_menu_typo_font_family":"0","ocean_menu_typo_font_subset":"","ocean_menu_typo_font_size":0,"ocean_menu_typo_font_size_tablet":0,"ocean_menu_typo_font_size_mobile":0,"ocean_menu_typo_font_size_unit":"px","ocean_menu_typo_font_weight":"","ocean_menu_typo_font_weight_tablet":"","ocean_menu_typo_font_weight_mobile":"","ocean_menu_typo_transform":"","ocean_menu_typo_transform_tablet":"","ocean_menu_typo_transform_mobile":"","ocean_menu_typo_line_height":0,"ocean_menu_typo_line_height_tablet":0,"ocean_menu_typo_line_height_mobile":0,"ocean_menu_typo_line_height_unit":"","ocean_menu_typo_spacing":0,"ocean_menu_typo_spacing_tablet":0,"ocean_menu_typo_spacing_mobile":0,"ocean_menu_typo_spacing_unit":"","ocean_menu_link_color":"","ocean_menu_link_color_hover":"","ocean_menu_link_color_active":"","ocean_menu_link_background":"","ocean_menu_link_hover_background":"","ocean_menu_link_active_background":"","ocean_menu_social_links_bg":"","ocean_menu_social_hover_links_bg":"","ocean_menu_social_links_color":"","ocean_menu_social_hover_links_color":"","ocean_disable_title":"enable","ocean_disable_heading":"on","ocean_post_title":"","ocean_post_subheading":"","ocean_post_title_style":"","ocean_post_title_background_color":"","ocean_post_title_background":0,"ocean_post_title_bg_image_position":"","ocean_post_title_bg_image_attachment":"","ocean_post_title_bg_image_repeat":"","ocean_post_title_bg_image_size":"","ocean_post_title_height":0,"ocean_post_title_bg_overlay":0.5,"ocean_post_title_bg_overlay_color":"","ocean_disable_breadcrumbs":"default","ocean_breadcrumbs_color":"","ocean_breadcrumbs_separator_color":"","ocean_breadcrumbs_links_color":"","ocean_breadcrumbs_links_hover_color":"","ocean_display_footer_widgets":"default","ocean_display_footer_bottom":"default","ocean_custom_footer_template":"0","footnotes":""},"class_list":["post-5999","page","type-page","status-publish","hentry","entry"],"_links":{"self":[{"href":"https:\/\/ft.univ-boumerdes.dz\/index.php?rest_route=\/wp\/v2\/pages\/5999","targetHints":{"allow":["GET"]}}],"collection":[{"href":"https:\/\/ft.univ-boumerdes.dz\/index.php?rest_route=\/wp\/v2\/pages"}],"about":[{"href":"https:\/\/ft.univ-boumerdes.dz\/index.php?rest_route=\/wp\/v2\/types\/page"}],"author":[{"embeddable":true,"href":"https:\/\/ft.univ-boumerdes.dz\/index.php?rest_route=\/wp\/v2\/users\/1"}],"replies":[{"embeddable":true,"href":"https:\/\/ft.univ-boumerdes.dz\/index.php?rest_route=%2Fwp%2Fv2%2Fcomments&post=5999"}],"version-history":[{"count":17,"href":"https:\/\/ft.univ-boumerdes.dz\/index.php?rest_route=\/wp\/v2\/pages\/5999\/revisions"}],"predecessor-version":[{"id":6025,"href":"https:\/\/ft.univ-boumerdes.dz\/index.php?rest_route=\/wp\/v2\/pages\/5999\/revisions\/6025"}],"wp:attachment":[{"href":"https:\/\/ft.univ-boumerdes.dz\/index.php?rest_route=%2Fwp%2Fv2%2Fmedia&parent=5999"}],"curies":[{"name":"wp","href":"https:\/\/api.w.org\/{rel}","templated":true}]}}