{"id":16439,"date":"2026-04-22T11:05:31","date_gmt":"2026-04-22T09:05:31","guid":{"rendered":"https:\/\/ft1.univ-boumerdes.dz\/?page_id=16439"},"modified":"2026-04-23T11:49:47","modified_gmt":"2026-04-23T09:49:47","slug":"consultation-notice","status":"publish","type":"page","link":"https:\/\/ft.univ-boumerdes.dz\/?page_id=16439","title":{"rendered":"CONSULTATION NOTICE"},"content":{"rendered":"\t\t<div data-elementor-type=\"wp-page\" data-elementor-id=\"16439\" class=\"elementor elementor-16439\">\n\t\t\t\t<div class=\"elementor-element elementor-element-bc79a0f e-flex e-con-boxed e-con e-parent\" data-id=\"bc79a0f\" data-element_type=\"container\" data-e-type=\"container\">\n\t\t\t\t\t<div class=\"e-con-inner\">\n\t\t\t\t<div class=\"elementor-element elementor-element-896ee6d elementor-widget elementor-widget-heading\" data-id=\"896ee6d\" data-element_type=\"widget\" data-e-type=\"widget\" data-widget_type=\"heading.default\">\n\t\t\t\t\t<h3 class=\"elementor-heading-title elementor-size-default\">FISCAL YEAR 2026<\/h3>\t\t\t\t<\/div>\n\t\t\t\t<div class=\"elementor-element elementor-element-bb4175e elementor-widget elementor-widget-text-editor\" data-id=\"bb4175e\" data-element_type=\"widget\" data-e-type=\"widget\" data-widget_type=\"text-editor.default\">\n\t\t\t\t\t\t\t\t\t<p>Notice of consultation<span style=\"color: #ff6600;\"><strong> N09\/FT\/UMBB\/2026 <\/strong><\/span><strong>\u00ab\u00a0Acquisition de mat\u00e9riel scientifique au profit de laboratoire de recherche dynamique des moteurs et vibro-acoustique\u00a0\u00bb <\/strong>&#8211; <strong>\u00a0<\/strong><b><a href=\"https:\/\/ft1.univ-boumerdes.dz\/wp-content\/uploads\/2026\/04\/ConsultationN09-2026.pdf\" target=\"_blank\" rel=\"noopener\"><span style=\"text-decoration: underline;\"><span style=\"color: #0000ff; text-decoration: underline;\"><strong>Ar<\/strong><\/span><\/span><\/a><\/b><\/p>\t\t\t\t\t\t\t\t<\/div>\n\t\t\t\t<div class=\"elementor-element elementor-element-cf5475b elementor-widget elementor-widget-text-editor\" data-id=\"cf5475b\" data-element_type=\"widget\" data-e-type=\"widget\" data-widget_type=\"text-editor.default\">\n\t\t\t\t\t\t\t\t\t<div class=\"elementor-element elementor-element-4178322 elementor-widget elementor-widget-text-editor\" data-id=\"4178322\" data-element_type=\"widget\" data-e-type=\"widget\" data-widget_type=\"text-editor.default\"><div class=\"elementor-widget-container\"><p>Notice of consultation<strong>\u00a0<span style=\"color: #ff6600;\">N08\/FT\/UMBB\/2026<\/span>\u00a0<\/strong><strong>\u201cPrestation de transport au profit des \u00e9tudiants de la FT\u201d\u00a0<\/strong>\u2013\u00a0<span style=\"text-decoration: underline; color: #0000ff;\"><strong>\u00a0<\/strong><b><a style=\"color: #0000ff;\" href=\"https:\/\/ft1.univ-boumerdes.dz\/wp-content\/uploads\/2026\/04\/ConsultationN08-2026.pdf\" target=\"_blank\" rel=\"noopener\"><strong>Ar<\/strong><\/a><\/b><\/span><\/p><\/div><\/div>\t\t\t\t\t\t\t\t<\/div>\n\t\t\t\t<div class=\"elementor-element elementor-element-e735609 elementor-widget elementor-widget-text-editor\" data-id=\"e735609\" data-element_type=\"widget\" data-e-type=\"widget\" data-widget_type=\"text-editor.default\">\n\t\t\t\t\t\t\t\t\t<p>Notice of consultation<span style=\"color: #ff6600;\"><strong> N07\/FT\/UMBB\/2026 <\/strong><\/span><strong>\u00ab\u00a0Acquisition de mat\u00e9riel scientifique au profit de laboratoire de recherche dynamique des moteurs et vibro-acoustique\u00a0\u00bb <\/strong>&#8211; <strong>\u00a0<\/strong><b><a href=\"https:\/\/ft1.univ-boumerdes.dz\/wp-content\/uploads\/2026\/04\/ConsultationN07-2026.pdf\" target=\"_blank\" rel=\"noopener\"><span style=\"text-decoration: underline;\"><span style=\"color: #0000ff; text-decoration: underline;\"><strong>Ar<\/strong><\/span><\/span><\/a><\/b><\/p>\t\t\t\t\t\t\t\t<\/div>\n\t\t\t\t<div class=\"elementor-element elementor-element-1528676 elementor-widget elementor-widget-text-editor\" data-id=\"1528676\" data-element_type=\"widget\" data-e-type=\"widget\" data-widget_type=\"text-editor.default\">\n\t\t\t\t\t\t\t\t\t<p>Notice of consultation<span style=\"color: #ff6600;\"><strong> N06\/FT\/UMBB\/2026 <\/strong><\/span>&#8211; <strong>\u00ab Achat de billets de voyage au profit des membres des jurys de soutenance de th\u00e8se doctorat de la Facult\u00e9 de technologie de l&rsquo;universit\u00e9 M&rsquo;Hamed BOUGARA &#8211; BOUMERDERS\u00bb\u00a0 pour l&rsquo;exercice 2026 <\/strong><b>\u00a0<a href=\"https:\/\/ft1.univ-boumerdes.dz\/wp-content\/uploads\/2026\/04\/ConsultationN06-2026.pdf\" target=\"_blank\" rel=\"noopener\"><span style=\"text-decoration: underline;\"><span style=\"color: #0000ff; text-decoration: underline;\"><strong>Ar<\/strong><\/span><\/span><\/a><\/b><\/p>\t\t\t\t\t\t\t\t<\/div>\n\t\t\t\t<div class=\"elementor-element elementor-element-b20cd69 elementor-widget elementor-widget-text-editor\" data-id=\"b20cd69\" data-element_type=\"widget\" data-e-type=\"widget\" data-widget_type=\"text-editor.default\">\n\t\t\t\t\t\t\t\t\t<p>Notice of consultation<span style=\"color: #ff6600;\"><strong> N05\/FT\/UMBB\/2026 <\/strong><\/span>&#8211; <strong>\u00ab Prestation d&rsquo;h\u00e9bergement au profit de la facult\u00e9 de technologie&gt;&gt; <\/strong><b>\u00a0<a href=\"https:\/\/ft1.univ-boumerdes.dz\/wp-content\/uploads\/2026\/04\/ConsultationN05-2026.pdf\" target=\"_blank\" rel=\"noopener\"><span style=\"text-decoration: underline;\"><span style=\"color: #0000ff; text-decoration: underline;\"><strong>Ar<\/strong><\/span><\/span><\/a><\/b><\/p>\t\t\t\t\t\t\t\t<\/div>\n\t\t\t\t<div class=\"elementor-element elementor-element-8f1610e elementor-widget elementor-widget-text-editor\" data-id=\"8f1610e\" data-element_type=\"widget\" data-e-type=\"widget\" data-widget_type=\"text-editor.default\">\n\t\t\t\t\t\t\t\t\t<p>Notice of consultation<span style=\"color: #ff6600;\"><strong> N04\/FT\/UMBB\/2026<\/strong>\u00a0&#8211; <\/span><strong>\u00abPrestation de services de restauration au profit de la facult\u00e9 de technologie\u00bb<\/strong><b> <a href=\"https:\/\/ft1.univ-boumerdes.dz\/wp-content\/uploads\/2026\/04\/ConsultationN04-2026.pdf\" target=\"_blank\" rel=\"noopener\"><span style=\"text-decoration: underline;\"><span style=\"color: #0000ff; text-decoration: underline;\"><strong>Ar<\/strong><\/span><\/span><\/a><\/b><\/p>\t\t\t\t\t\t\t\t<\/div>\n\t\t\t\t<div class=\"elementor-element elementor-element-67bb802 elementor-widget elementor-widget-text-editor\" data-id=\"67bb802\" data-element_type=\"widget\" data-e-type=\"widget\" data-widget_type=\"text-editor.default\">\n\t\t\t\t\t\t\t\t\t<p>Notice of consultation<span style=\"color: #ff6600;\"><strong> N03\/FT\/UMBB\/2026<\/strong>\u00a0&#8211; <\/span><strong>\u00abNettoyage des structures de la Facult\u00e9 de Technologie\u00bb<\/strong><b> <\/b><b><a href=\"https:\/\/ft1.univ-boumerdes.dz\/wp-content\/uploads\/2026\/04\/ConsultationN03-2026.pdf\" target=\"_blank\" rel=\"noopener\"><span style=\"text-decoration: underline;\"><span style=\"color: #0000ff; text-decoration: underline;\"><strong>Ar<\/strong><\/span><\/span><\/a><\/b><\/p>\t\t\t\t\t\t\t\t<\/div>\n\t\t\t\t<div class=\"elementor-element elementor-element-b39d11b elementor-widget elementor-widget-text-editor\" data-id=\"b39d11b\" data-element_type=\"widget\" data-e-type=\"widget\" data-widget_type=\"text-editor.default\">\n\t\t\t\t\t\t\t\t\t<p>Notice of consultation<span style=\"color: #ff6600;\"><strong> N02\/FT\/UMBB\/2026<\/strong>\u00a0&#8211; <\/span><strong>\u00abAm\u00e9nagement des espaces vert au profit de la FT\u00bb<\/strong><b> <a href=\"https:\/\/ft1.univ-boumerdes.dz\/wp-content\/uploads\/2026\/04\/ConsultationN02-2026.pdf\" target=\"_blank\" rel=\"noopener\"><span style=\"text-decoration: underline;\"><span style=\"color: #0000ff; text-decoration: underline;\"><strong>Ar<\/strong><\/span><\/span><\/a><\/b><\/p>\t\t\t\t\t\t\t\t<\/div>\n\t\t\t\t<div class=\"elementor-element elementor-element-57dc3fc elementor-widget elementor-widget-text-editor\" data-id=\"57dc3fc\" data-element_type=\"widget\" data-e-type=\"widget\" data-widget_type=\"text-editor.default\">\n\t\t\t\t\t\t\t\t\t<p>Notice of consultation<span style=\"color: #ff6600;\"><strong> N01\/FT\/UMBB\/2026<\/strong>\u00a0&#8211; <\/span>\u00ab<strong>Travaux de r\u00e9fection, d&rsquo;am\u00e9nagement et de r\u00e9am\u00e9nagement au niveau de la facult\u00e9<\/strong><b> \u00bb <a href=\"https:\/\/ft1.univ-boumerdes.dz\/wp-content\/uploads\/2026\/04\/ConsultationN01-2026.pdf\" target=\"_blank\" rel=\"noopener\"><span style=\"text-decoration: underline;\"><span style=\"color: #0000ff; text-decoration: underline;\"><strong>Ar<\/strong><\/span><\/span><\/a><\/b><\/p>\t\t\t\t\t\t\t\t<\/div>\n\t\t\t\t\t<\/div>\n\t\t\t\t<\/div>\n\t\t\t\t<\/div>\n\t\t","protected":false},"excerpt":{"rendered":"<p>FISCAL YEAR 2026 Notice of consultation N09\/FT\/UMBB\/2026 \u00ab\u00a0Acquisition de mat\u00e9riel scientifique au profit de laboratoire de recherche dynamique des moteurs et vibro-acoustique\u00a0\u00bb &#8211; \u00a0Ar Notice of consultation\u00a0N08\/FT\/UMBB\/2026\u00a0\u201cPrestation de transport au profit des \u00e9tudiants de la FT\u201d\u00a0\u2013\u00a0\u00a0Ar Notice of consultation N07\/FT\/UMBB\/2026 &hellip; <\/p>\n","protected":false},"author":1,"featured_media":0,"parent":0,"menu_order":0,"comment_status":"closed","ping_status":"closed","template":"","meta":{"footnotes":""},"class_list":["post-16439","page","type-page","status-publish","hentry"],"_links":{"self":[{"href":"https:\/\/ft.univ-boumerdes.dz\/index.php?rest_route=\/wp\/v2\/pages\/16439","targetHints":{"allow":["GET"]}}],"collection":[{"href":"https:\/\/ft.univ-boumerdes.dz\/index.php?rest_route=\/wp\/v2\/pages"}],"about":[{"href":"https:\/\/ft.univ-boumerdes.dz\/index.php?rest_route=\/wp\/v2\/types\/page"}],"author":[{"embeddable":true,"href":"https:\/\/ft.univ-boumerdes.dz\/index.php?rest_route=\/wp\/v2\/users\/1"}],"replies":[{"embeddable":true,"href":"https:\/\/ft.univ-boumerdes.dz\/index.php?rest_route=%2Fwp%2Fv2%2Fcomments&post=16439"}],"version-history":[{"count":22,"href":"https:\/\/ft.univ-boumerdes.dz\/index.php?rest_route=\/wp\/v2\/pages\/16439\/revisions"}],"predecessor-version":[{"id":16543,"href":"https:\/\/ft.univ-boumerdes.dz\/index.php?rest_route=\/wp\/v2\/pages\/16439\/revisions\/16543"}],"wp:attachment":[{"href":"https:\/\/ft.univ-boumerdes.dz\/index.php?rest_route=%2Fwp%2Fv2%2Fmedia&parent=16439"}],"curies":[{"name":"wp","href":"https:\/\/api.w.org\/{rel}","templated":true}]}}