{"id":16370,"date":"2026-04-20T15:32:34","date_gmt":"2026-04-20T13:32:34","guid":{"rendered":"https:\/\/ft1.univ-boumerdes.dz\/?page_id=16370"},"modified":"2026-04-21T12:43:05","modified_gmt":"2026-04-21T10:43:05","slug":"grids-for-evaluating-and-classifying-mobility-files-abroad","status":"publish","type":"page","link":"https:\/\/ft.univ-boumerdes.dz\/?page_id=16370","title":{"rendered":"Grids for evaluating and classifying mobility files abroad"},"content":{"rendered":"\t\t<div data-elementor-type=\"wp-page\" data-elementor-id=\"16370\" class=\"elementor elementor-16370\">\n\t\t\t\t<div class=\"elementor-element elementor-element-8389afd e-flex e-con-boxed e-con e-parent\" data-id=\"8389afd\" data-element_type=\"container\" data-e-type=\"container\">\n\t\t\t\t\t<div class=\"e-con-inner\">\n\t\t\t\t<div class=\"elementor-element elementor-element-cab9772 elementor-widget elementor-widget-image\" data-id=\"cab9772\" data-element_type=\"widget\" data-e-type=\"widget\" data-widget_type=\"image.default\">\n\t\t\t\t\t\t\t\t\t\t\t\t\t\t\t<img fetchpriority=\"high\" decoding=\"async\" width=\"640\" height=\"240\" src=\"https:\/\/ft.univ-boumerdes.dz\/wp-content\/uploads\/2026\/04\/Programme-de-mobilite-de-formation-a-letranger-Pour-lannee-budgetaire-2024-1-768x288-1.png\" class=\"attachment-large size-large wp-image-16369\" alt=\"\" srcset=\"https:\/\/ft.univ-boumerdes.dz\/wp-content\/uploads\/2026\/04\/Programme-de-mobilite-de-formation-a-letranger-Pour-lannee-budgetaire-2024-1-768x288-1.png 768w, https:\/\/ft.univ-boumerdes.dz\/wp-content\/uploads\/2026\/04\/Programme-de-mobilite-de-formation-a-letranger-Pour-lannee-budgetaire-2024-1-768x288-1-300x113.png 300w\" sizes=\"(max-width: 640px) 100vw, 640px\" \/>\t\t\t\t\t\t\t\t\t\t\t\t\t\t\t<\/div>\n\t\t\t\t\t<\/div>\n\t\t\t\t<\/div>\n\t\t<div class=\"elementor-element elementor-element-0cf3b95 e-flex e-con-boxed e-con e-parent\" data-id=\"0cf3b95\" data-element_type=\"container\" data-e-type=\"container\">\n\t\t\t\t\t<div class=\"e-con-inner\">\n\t\t\t\t<div class=\"elementor-element elementor-element-489c488 elementor-widget elementor-widget-heading\" data-id=\"489c488\" data-element_type=\"widget\" data-e-type=\"widget\" data-widget_type=\"heading.default\">\n\t\t\t\t\t<h2 class=\"elementor-heading-title elementor-size-default\">Grilles d'\u00e9valuation et de classement des dossiers de mobilit\u00e9 \u00e0 l'\u00e9tranger 2026\n<\/h2>\t\t\t\t<\/div>\n\t\t\t\t\t<\/div>\n\t\t\t\t<\/div>\n\t\t<div class=\"elementor-element elementor-element-d865088 e-flex e-con-boxed e-con e-parent\" data-id=\"d865088\" data-element_type=\"container\" data-e-type=\"container\" data-settings=\"{&quot;background_background&quot;:&quot;classic&quot;}\">\n\t\t\t\t\t<div class=\"e-con-inner\">\n\t\t<div class=\"elementor-element elementor-element-92916c3 e-con-full e-flex e-con e-child\" data-id=\"92916c3\" data-element_type=\"container\" data-e-type=\"container\">\n\t\t\t\t<div class=\"elementor-element elementor-element-2b69df6 elementor-widget elementor-widget-text-editor\" data-id=\"2b69df6\" data-element_type=\"widget\" data-e-type=\"widget\" data-widget_type=\"text-editor.default\">\n\t\t\t\t\t\t\t\t\t<div class=\"elementor-element elementor-element-0865006 e-flex e-con-boxed e-con e-parent e-lazyloaded\" data-id=\"0865006\" data-element_type=\"container\" data-e-type=\"container\"><div class=\"e-con-inner\" style=\"text-align: left;\"><div class=\"elementor-element elementor-element-bd5b35b elementor-widget elementor-widget-text-editor\" data-id=\"bd5b35b\" data-element_type=\"widget\" data-e-type=\"widget\" data-widget_type=\"text-editor.default\"><div class=\"elementor-widget-container\"><p style=\"text-align: left;\">Nous informons l\u2019ensemble des enseignants et doctorants \u00e9ligibles au programme de\u00a0<strong>mobilit\u00e9 \u00e0 l\u2019\u00e9tranger pour l\u2019ann\u00e9e 2026<\/strong>\u00a0que la plate-forme de\u00a0candidatures sera ouverte (<strong>liens sur le site de la facult\u00e9<\/strong>) selon l\u2019\u00e9ch\u00e9ancier (ci-dessous). \u00a0<\/p><ul><li>Les candidats ont le choix de postuler pour les deux types de mobilit\u00e9\u00a0<strong>(Stage et Manifestation) ; la validation du choix par le candidat se fera apr\u00e8s proclamation des r\u00e9sultats finaux<\/strong><\/li><li>Les grilles d\u2019\u00e9valuation sont t\u00e9l\u00e9chargeables sur le site de la facult\u00e9 ; (ci-dessous)<\/li><li>Pour remplir convenablement la grille d\u2019\u00e9valuation, veuillez SVP utiliser le mod\u00e8le disponible sur le site; (voir ci dessous)<\/li><\/ul><ul><li>Aucun changement de destination ne sera autoris\u00e9 \u00e0 cause des contraintes administratives et financi\u00e8res.<\/li><\/ul><\/div><\/div><\/div><\/div><div class=\"elementor-element elementor-element-ddb1e5b e-flex e-con-boxed e-con e-parent e-lazyloaded\" data-id=\"ddb1e5b\" data-element_type=\"container\" data-e-type=\"container\"><div class=\"e-con-inner\"><div class=\"elementor-element elementor-element-dd0a231 elementor-widget elementor-widget-text-editor\" data-id=\"dd0a231\" data-element_type=\"widget\" data-e-type=\"widget\" data-widget_type=\"text-editor.default\">\u00a0<\/div><\/div><\/div>\t\t\t\t\t\t\t\t<\/div>\n\t\t\t\t<\/div>\n\t\t\t\t\t<\/div>\n\t\t\t\t<\/div>\n\t\t<div class=\"elementor-element elementor-element-e19923b e-flex e-con-boxed e-con e-parent\" data-id=\"e19923b\" data-element_type=\"container\" data-e-type=\"container\">\n\t\t\t\t\t<div class=\"e-con-inner\">\n\t\t\t\t<div class=\"elementor-element elementor-element-f95ae04 elementor-widget elementor-widget-text-editor\" data-id=\"f95ae04\" data-element_type=\"widget\" data-e-type=\"widget\" data-widget_type=\"text-editor.default\">\n\t\t\t\t\t\t\t\t\t<div class=\"elementor-element elementor-element-ddb1e5b e-flex e-con-boxed e-con e-parent e-lazyloaded\" data-id=\"ddb1e5b\" data-element_type=\"container\" data-e-type=\"container\"><div class=\"e-con-inner\"><div class=\"elementor-element elementor-element-dd0a231 elementor-widget elementor-widget-text-editor\" data-id=\"dd0a231\" data-element_type=\"widget\" data-e-type=\"widget\" data-widget_type=\"text-editor.default\"><div class=\"elementor-widget-container\"><p><strong><u>Calendrier\u00a0:<\/u><\/strong><\/p><p style=\"padding-left: 80px;\">\u00a8\u00a0\u00a0<strong>Lundi 13 Janvier 2026\u00a0:<\/strong>\u00a0Lancement de la plate-forme de\u00a0soumission des fiches de candidature (grilles d\u2019\u00e9valuation)\u00a0;<\/p><p style=\"padding-left: 80px;\">\u00a8\u00a0\u00a0<strong>Dimanche 18 Janvier au 01 F\u00e9vrier 2026<\/strong>\u00a0: Soumission de la fiche de candidature via la plate-forme\u00a0;\u00a0<em><strong>Durant cette p\u00e9riode, le candidat peut actualiser la grille d\u2019\u00e9valuation<\/strong><\/em><\/p><p style=\"padding-left: 80px;\">\u00a8\u00a0\u00a0<strong>Dimanche 01 au Lundi 09F\u00e9vrier 2026<\/strong>\u00a0: D\u00e9p\u00f4t de dossiers de candidature (<strong>Pi\u00e8ces justificatives<\/strong>) au niveau de la PG du d\u00e9partement\u00a0; Sous format num\u00e9rique (<strong>Les CDs ne sont pas acceptables<\/strong>)\u00a0;\u00a0<strong>Dernier d\u00e9lai le lundi 09 f\u00e9vrier 2026 \u00e0<\/strong><strong>\u00a016h00\u00a0aucun retard\u00a0ne sera tol\u00e9r\u00e9<\/strong><\/p><p style=\"padding-left: 80px;\">\u00a8\u00a0\u00a0<strong>Mardi 03 F\u00e9vrier 2026\u00a0:<\/strong>\u00a0Installation de la commission de suivi et traitement des dossiers de mobilit\u00e9\u00a0; (Installation et validation des membres par le CSF)<\/p><p style=\"padding-left: 80px;\">\u00a8\u00a0\u00a0<strong>Mercredi 11 au Dimanche 15 F\u00e9vrier 2026\u00a0:<\/strong>\u00a0\u00c9valuation des dossiers de candidature par la commission\u00a0;<\/p><p style=\"padding-left: 80px;\">\u00a8\u00a0\u00a0<strong>Mercredi 18 F\u00e9vrier 2026\u00a0:<\/strong>\u00a0R\u00e9sultats pr\u00e9liminaires du classement des enseignants et doctorants\u00a0;<\/p><p style=\"padding-left: 80px;\">\u00a8\u00a0\u00a0<strong>Jeudi 19 au Samedi 21 F\u00e9vrier 2026\u00a0:<\/strong>\u00a0D\u00e9p\u00f4t des recours par email envoy\u00e9 au service PG\u00a0de la facult\u00e9\u00a0(VDPG)\u00a0;<\/p><p style=\"padding-left: 80px;\">\u00a8\u00a0\u00a0<strong>Dimanche 22 F\u00e9vrier 2026\u00a0:<\/strong>\u00a0Examen des recours des candidats\u00a0;<\/p><p style=\"padding-left: 80px;\">\u00a8\u00a0\u00a0<strong>Mardi 24 F\u00e9vrier 2026\u00a0:<\/strong>\u00a0Affichage des r\u00e9sultats d\u00e9finitifs du classement des enseignants et doctorants (<strong>Stage et Manifestation<\/strong>)<\/p><p style=\"padding-left: 80px;\">\u00a8\u00a0\u00a0<strong>Dimanche 01 au 05 Mars 2026\u00a0:<\/strong>\u00a0Validation du choix du type de mobilit\u00e9 par le candidat\u00a0(<strong>Stage ou Manifestation<\/strong>).<\/p><\/div><\/div><\/div><\/div><div class=\"elementor-element elementor-element-fa39324 e-flex e-con-boxed e-con e-parent e-lazyloaded\" data-id=\"fa39324\" data-element_type=\"container\" data-e-type=\"container\"><div class=\"e-con-inner\"><div class=\"elementor-element elementor-element-bc81e85 elementor-widget-divider--view-line elementor-widget elementor-widget-divider\" data-id=\"bc81e85\" data-element_type=\"widget\" data-e-type=\"widget\" data-widget_type=\"divider.default\"><div class=\"elementor-widget-container\"><div class=\"elementor-divider\">\u00a0<\/div><\/div><\/div><\/div><\/div>\t\t\t\t\t\t\t\t<\/div>\n\t\t\t\t\t<\/div>\n\t\t\t\t<\/div>\n\t\t<div class=\"elementor-element elementor-element-4a7983e e-flex e-con-boxed e-con e-parent\" data-id=\"4a7983e\" data-element_type=\"container\" data-e-type=\"container\" data-settings=\"{&quot;background_background&quot;:&quot;classic&quot;}\">\n\t\t\t\t\t<div class=\"e-con-inner\">\n\t\t\t\t<div class=\"elementor-element elementor-element-19041a4 elementor-widget elementor-widget-text-editor\" data-id=\"19041a4\" data-element_type=\"widget\" data-e-type=\"widget\" data-widget_type=\"text-editor.default\">\n\t\t\t\t\t\t\t\t\t<div class=\"elementor-element elementor-element-ddb1e5b e-flex e-con-boxed e-con e-parent e-lazyloaded\" data-id=\"ddb1e5b\" data-element_type=\"container\" data-e-type=\"container\"><div class=\"e-con-inner\"><div class=\"elementor-element elementor-element-dd0a231 elementor-widget elementor-widget-text-editor\" data-id=\"dd0a231\" data-element_type=\"widget\" data-e-type=\"widget\" data-widget_type=\"text-editor.default\"><div class=\"elementor-widget-container\"><span style=\"color: #000080;\"><b><u>Pour Les doctorants:<\/u>\u00a0\u00a0<\/b><b>Stage de Perfectionnement (<\/b><b>SP)<\/b><\/span><\/div><\/div><\/div><\/div><div class=\"elementor-element elementor-element-78ea254 e-flex e-con-boxed e-con e-parent e-lazyloaded\" data-id=\"78ea254\" data-element_type=\"container\" data-e-type=\"container\"><div class=\"e-con-inner\"><div class=\"elementor-element elementor-element-eb86df6 elementor-widget elementor-widget-text-editor\" data-id=\"eb86df6\" data-element_type=\"widget\" data-e-type=\"widget\" data-widget_type=\"text-editor.default\"><div class=\"elementor-widget-container\"><div><ul><li><b>Fiche A \u2013 Doctorant \/ Grille d\u2019\u00c9valuation Relative \u00e0 un Stage de Perfectionnement de Courte Dur\u00e9e\/FT-2026<\/b><\/li><\/ul><\/div><div><span style=\"color: #000080;\"><b><u>Pour les enseignants:<\/u>\u00a0<\/b><b>S\u00e9jour Scientifique de Haut Niveau (<\/b><b>SSHN)<\/b><\/span><\/div><div><ul><li><b>Fiche B \u2013 Grille d\u2019\u00c9valuation Relative \u00e0 un S\u00e9jour Scientifique de Haut Niveau (Pr, MCA et MCB)\/FT-2026<\/b><\/li><\/ul><\/div><div><span style=\"color: #000080;\"><b><u>Manifestation Scientifique:<\/u>\u00a0<\/b><b>Manifestation Scientifique (<\/b><b>MS)<\/b><\/span><\/div><div><ul><li><b>Fiche C \u2013 Grille d\u2019\u00c9valuation Relative \u00e0 une Participation \u00e0 une Manifestation Scientifique \u00e0 l\u2019\u00c9tranger\/FT-2026<\/b><\/li><\/ul><p>\u00a0<\/p><ul><li><span style=\"color: #ff0000;\"><b>NB\u00a0:<\/b>\u00a0Tout candidat n\u2019ayant pas d\u00e9pos\u00e9 son dossier de retour sera automatiquement exclu du processus de candidature.<\/span><\/li><\/ul><\/div><\/div><\/div><\/div><\/div>\t\t\t\t\t\t\t\t<\/div>\n\t\t\t\t\t<\/div>\n\t\t\t\t<\/div>\n\t\t<div class=\"elementor-element elementor-element-0536160 e-flex e-con-boxed e-con e-parent\" data-id=\"0536160\" data-element_type=\"container\" data-e-type=\"container\">\n\t\t\t\t\t<div class=\"e-con-inner\">\n\t\t\t\t<div class=\"elementor-element elementor-element-5dda368 elementor-widget elementor-widget-heading\" data-id=\"5dda368\" data-element_type=\"widget\" data-e-type=\"widget\" data-widget_type=\"heading.default\">\n\t\t\t\t\t<h2 class=\"elementor-heading-title elementor-size-default\">Fiches d'\u00e9valuation du programme de mobilit\u00e9 \u00e0 l'\u00e9tranger<\/h2>\t\t\t\t<\/div>\n\t\t\t\t\t<\/div>\n\t\t\t\t<\/div>\n\t\t<div class=\"elementor-element elementor-element-be60c79 e-flex e-con-boxed e-con e-parent\" data-id=\"be60c79\" data-element_type=\"container\" data-e-type=\"container\">\n\t\t\t\t\t<div class=\"e-con-inner\">\n\t\t<div class=\"elementor-element elementor-element-07862c6 e-con-full e-flex e-con e-child\" data-id=\"07862c6\" data-element_type=\"container\" data-e-type=\"container\" data-settings=\"{&quot;background_background&quot;:&quot;classic&quot;}\">\n\t\t\t\t<div class=\"elementor-element elementor-element-806174c elementor-widget elementor-widget-heading\" data-id=\"806174c\" data-element_type=\"widget\" data-e-type=\"widget\" data-widget_type=\"heading.default\">\n\t\t\t\t\t<h2 class=\"elementor-heading-title elementor-size-default\"> Grille d'\u00e9valuation- S\u00e9jour Scientifique de Haut Niveau (SSNH)<\/h2>\t\t\t\t<\/div>\n\t\t\t\t<div class=\"elementor-element elementor-element-d70cfb2 elementor-view-default elementor-widget elementor-widget-icon\" data-id=\"d70cfb2\" data-element_type=\"widget\" data-e-type=\"widget\" data-widget_type=\"icon.default\">\n\t\t\t\t\t\t\t<div class=\"elementor-icon-wrapper\">\n\t\t\t<a class=\"elementor-icon\" href=\"https:\/\/ft1.univ-boumerdes.dz\/wp-content\/uploads\/2026\/04\/Grille-devaluation-Sejour-Scien-Haut-Niveau-SSNH.docx\" target=\"_blank\">\n\t\t\t<svg aria-hidden=\"true\" class=\"e-font-icon-svg e-fas-file-word\" viewBox=\"0 0 384 512\" xmlns=\"http:\/\/www.w3.org\/2000\/svg\"><path d=\"M224 136V0H24C10.7 0 0 10.7 0 24v464c0 13.3 10.7 24 24 24h336c13.3 0 24-10.7 24-24V160H248c-13.2 0-24-10.8-24-24zm57.1 120H305c7.7 0 13.4 7.1 11.7 14.7l-38 168c-1.2 5.5-6.1 9.3-11.7 9.3h-38c-5.5 0-10.3-3.8-11.6-9.1-25.8-103.5-20.8-81.2-25.6-110.5h-.5c-1.1 14.3-2.4 17.4-25.6 110.5-1.3 5.3-6.1 9.1-11.6 9.1H117c-5.6 0-10.5-3.9-11.7-9.4l-37.8-168c-1.7-7.5 4-14.6 11.7-14.6h24.5c5.7 0 10.7 4 11.8 9.7 15.6 78 20.1 109.5 21 122.2 1.6-10.2 7.3-32.7 29.4-122.7 1.3-5.4 6.1-9.1 11.7-9.1h29.1c5.6 0 10.4 3.8 11.7 9.2 24 100.4 28.8 124 29.6 129.4-.2-11.2-2.6-17.8 21.6-129.2 1-5.6 5.9-9.5 11.5-9.5zM384 121.9v6.1H256V0h6.1c6.4 0 12.5 2.5 17 7l97.9 98c4.5 4.5 7 10.6 7 16.9z\"><\/path><\/svg>\t\t\t<\/a>\n\t\t<\/div>\n\t\t\t\t\t\t<\/div>\n\t\t\t\t<\/div>\n\t\t<div class=\"elementor-element elementor-element-a944b8b e-con-full e-flex e-con e-child\" data-id=\"a944b8b\" data-element_type=\"container\" data-e-type=\"container\" data-settings=\"{&quot;background_background&quot;:&quot;classic&quot;}\">\n\t\t\t\t<div class=\"elementor-element elementor-element-936d6dc elementor-widget elementor-widget-heading\" data-id=\"936d6dc\" data-element_type=\"widget\" data-e-type=\"widget\" data-widget_type=\"heading.default\">\n\t\t\t\t\t<h2 class=\"elementor-heading-title elementor-size-default\">Grille d'\u00e9valuation- Manifestation scientifique<\/h2>\t\t\t\t<\/div>\n\t\t\t\t<div class=\"elementor-element elementor-element-6bfd710 elementor-view-default elementor-widget elementor-widget-icon\" data-id=\"6bfd710\" data-element_type=\"widget\" data-e-type=\"widget\" data-widget_type=\"icon.default\">\n\t\t\t\t\t\t\t<div class=\"elementor-icon-wrapper\">\n\t\t\t<a class=\"elementor-icon\" href=\"https:\/\/ft1.univ-boumerdes.dz\/wp-content\/uploads\/2026\/04\/Grille-devaluation-Manifestation-scientifique.docx\" target=\"_blank\">\n\t\t\t<svg aria-hidden=\"true\" class=\"e-font-icon-svg e-fas-file-word\" viewBox=\"0 0 384 512\" xmlns=\"http:\/\/www.w3.org\/2000\/svg\"><path d=\"M224 136V0H24C10.7 0 0 10.7 0 24v464c0 13.3 10.7 24 24 24h336c13.3 0 24-10.7 24-24V160H248c-13.2 0-24-10.8-24-24zm57.1 120H305c7.7 0 13.4 7.1 11.7 14.7l-38 168c-1.2 5.5-6.1 9.3-11.7 9.3h-38c-5.5 0-10.3-3.8-11.6-9.1-25.8-103.5-20.8-81.2-25.6-110.5h-.5c-1.1 14.3-2.4 17.4-25.6 110.5-1.3 5.3-6.1 9.1-11.6 9.1H117c-5.6 0-10.5-3.9-11.7-9.4l-37.8-168c-1.7-7.5 4-14.6 11.7-14.6h24.5c5.7 0 10.7 4 11.8 9.7 15.6 78 20.1 109.5 21 122.2 1.6-10.2 7.3-32.7 29.4-122.7 1.3-5.4 6.1-9.1 11.7-9.1h29.1c5.6 0 10.4 3.8 11.7 9.2 24 100.4 28.8 124 29.6 129.4-.2-11.2-2.6-17.8 21.6-129.2 1-5.6 5.9-9.5 11.5-9.5zM384 121.9v6.1H256V0h6.1c6.4 0 12.5 2.5 17 7l97.9 98c4.5 4.5 7 10.6 7 16.9z\"><\/path><\/svg>\t\t\t<\/a>\n\t\t<\/div>\n\t\t\t\t\t\t<\/div>\n\t\t\t\t<\/div>\n\t\t<div class=\"elementor-element elementor-element-293c66c e-con-full e-flex e-con e-child\" data-id=\"293c66c\" data-element_type=\"container\" data-e-type=\"container\" data-settings=\"{&quot;background_background&quot;:&quot;classic&quot;}\">\n\t\t\t\t<div class=\"elementor-element elementor-element-fd78342 elementor-widget elementor-widget-heading\" data-id=\"fd78342\" data-element_type=\"widget\" data-e-type=\"widget\" data-widget_type=\"heading.default\">\n\t\t\t\t\t<h2 class=\"elementor-heading-title elementor-size-default\">Grille d'\u00e9valuation- Stage de perfectionnement - Doctorant<\/h2>\t\t\t\t<\/div>\n\t\t\t\t<div class=\"elementor-element elementor-element-3f76371 elementor-view-default elementor-widget elementor-widget-icon\" data-id=\"3f76371\" data-element_type=\"widget\" data-e-type=\"widget\" data-widget_type=\"icon.default\">\n\t\t\t\t\t\t\t<div class=\"elementor-icon-wrapper\">\n\t\t\t<a class=\"elementor-icon\" href=\"https:\/\/ft1.univ-boumerdes.dz\/wp-content\/uploads\/2026\/04\/Grille-devaluation-Stage-de-perfectionnement-Doctorant.docx\" target=\"_blank\">\n\t\t\t<svg aria-hidden=\"true\" class=\"e-font-icon-svg e-fas-file-word\" viewBox=\"0 0 384 512\" xmlns=\"http:\/\/www.w3.org\/2000\/svg\"><path d=\"M224 136V0H24C10.7 0 0 10.7 0 24v464c0 13.3 10.7 24 24 24h336c13.3 0 24-10.7 24-24V160H248c-13.2 0-24-10.8-24-24zm57.1 120H305c7.7 0 13.4 7.1 11.7 14.7l-38 168c-1.2 5.5-6.1 9.3-11.7 9.3h-38c-5.5 0-10.3-3.8-11.6-9.1-25.8-103.5-20.8-81.2-25.6-110.5h-.5c-1.1 14.3-2.4 17.4-25.6 110.5-1.3 5.3-6.1 9.1-11.6 9.1H117c-5.6 0-10.5-3.9-11.7-9.4l-37.8-168c-1.7-7.5 4-14.6 11.7-14.6h24.5c5.7 0 10.7 4 11.8 9.7 15.6 78 20.1 109.5 21 122.2 1.6-10.2 7.3-32.7 29.4-122.7 1.3-5.4 6.1-9.1 11.7-9.1h29.1c5.6 0 10.4 3.8 11.7 9.2 24 100.4 28.8 124 29.6 129.4-.2-11.2-2.6-17.8 21.6-129.2 1-5.6 5.9-9.5 11.5-9.5zM384 121.9v6.1H256V0h6.1c6.4 0 12.5 2.5 17 7l97.9 98c4.5 4.5 7 10.6 7 16.9z\"><\/path><\/svg>\t\t\t<\/a>\n\t\t<\/div>\n\t\t\t\t\t\t<\/div>\n\t\t\t\t<\/div>\n\t\t<div class=\"elementor-element elementor-element-26d80b6 e-con-full e-flex e-con e-child\" data-id=\"26d80b6\" data-element_type=\"container\" data-e-type=\"container\" data-settings=\"{&quot;background_background&quot;:&quot;classic&quot;}\">\n\t\t\t\t<div class=\"elementor-element elementor-element-df8752c elementor-widget elementor-widget-heading\" data-id=\"df8752c\" data-element_type=\"widget\" data-e-type=\"widget\" data-widget_type=\"heading.default\">\n\t\t\t\t\t<h2 class=\"elementor-heading-title elementor-size-default\">Mod\u00e8le pour remplir une fiche de candidature<\/h2>\t\t\t\t<\/div>\n\t\t\t\t<div class=\"elementor-element elementor-element-eaeb809 elementor-view-default elementor-widget elementor-widget-icon\" data-id=\"eaeb809\" data-element_type=\"widget\" data-e-type=\"widget\" data-widget_type=\"icon.default\">\n\t\t\t\t\t\t\t<div class=\"elementor-icon-wrapper\">\n\t\t\t<a class=\"elementor-icon\" href=\"https:\/\/ft1.univ-boumerdes.dz\/wp-content\/uploads\/2026\/04\/Grille-devaluation_2025-Template.doc\" target=\"_blank\">\n\t\t\t<svg aria-hidden=\"true\" class=\"e-font-icon-svg e-fas-file-word\" viewBox=\"0 0 384 512\" xmlns=\"http:\/\/www.w3.org\/2000\/svg\"><path d=\"M224 136V0H24C10.7 0 0 10.7 0 24v464c0 13.3 10.7 24 24 24h336c13.3 0 24-10.7 24-24V160H248c-13.2 0-24-10.8-24-24zm57.1 120H305c7.7 0 13.4 7.1 11.7 14.7l-38 168c-1.2 5.5-6.1 9.3-11.7 9.3h-38c-5.5 0-10.3-3.8-11.6-9.1-25.8-103.5-20.8-81.2-25.6-110.5h-.5c-1.1 14.3-2.4 17.4-25.6 110.5-1.3 5.3-6.1 9.1-11.6 9.1H117c-5.6 0-10.5-3.9-11.7-9.4l-37.8-168c-1.7-7.5 4-14.6 11.7-14.6h24.5c5.7 0 10.7 4 11.8 9.7 15.6 78 20.1 109.5 21 122.2 1.6-10.2 7.3-32.7 29.4-122.7 1.3-5.4 6.1-9.1 11.7-9.1h29.1c5.6 0 10.4 3.8 11.7 9.2 24 100.4 28.8 124 29.6 129.4-.2-11.2-2.6-17.8 21.6-129.2 1-5.6 5.9-9.5 11.5-9.5zM384 121.9v6.1H256V0h6.1c6.4 0 12.5 2.5 17 7l97.9 98c4.5 4.5 7 10.6 7 16.9z\"><\/path><\/svg>\t\t\t<\/a>\n\t\t<\/div>\n\t\t\t\t\t\t<\/div>\n\t\t\t\t<\/div>\n\t\t\t\t\t<\/div>\n\t\t\t\t<\/div>\n\t\t\t\t<\/div>\n\t\t","protected":false},"excerpt":{"rendered":"<p>Grilles d&rsquo;\u00e9valuation et de classement des dossiers de mobilit\u00e9 \u00e0 l&rsquo;\u00e9tranger 2026 Nous informons l\u2019ensemble des enseignants et doctorants \u00e9ligibles au programme de\u00a0mobilit\u00e9 \u00e0 l\u2019\u00e9tranger pour l\u2019ann\u00e9e 2026\u00a0que la plate-forme de\u00a0candidatures sera ouverte (liens sur le site de la facult\u00e9) &hellip; <\/p>\n","protected":false},"author":1,"featured_media":0,"parent":0,"menu_order":0,"comment_status":"closed","ping_status":"closed","template":"","meta":{"footnotes":""},"class_list":["post-16370","page","type-page","status-publish","hentry"],"_links":{"self":[{"href":"https:\/\/ft.univ-boumerdes.dz\/index.php?rest_route=\/wp\/v2\/pages\/16370","targetHints":{"allow":["GET"]}}],"collection":[{"href":"https:\/\/ft.univ-boumerdes.dz\/index.php?rest_route=\/wp\/v2\/pages"}],"about":[{"href":"https:\/\/ft.univ-boumerdes.dz\/index.php?rest_route=\/wp\/v2\/types\/page"}],"author":[{"embeddable":true,"href":"https:\/\/ft.univ-boumerdes.dz\/index.php?rest_route=\/wp\/v2\/users\/1"}],"replies":[{"embeddable":true,"href":"https:\/\/ft.univ-boumerdes.dz\/index.php?rest_route=%2Fwp%2Fv2%2Fcomments&post=16370"}],"version-history":[{"count":13,"href":"https:\/\/ft.univ-boumerdes.dz\/index.php?rest_route=\/wp\/v2\/pages\/16370\/revisions"}],"predecessor-version":[{"id":16388,"href":"https:\/\/ft.univ-boumerdes.dz\/index.php?rest_route=\/wp\/v2\/pages\/16370\/revisions\/16388"}],"wp:attachment":[{"href":"https:\/\/ft.univ-boumerdes.dz\/index.php?rest_route=%2Fwp%2Fv2%2Fmedia&parent=16370"}],"curies":[{"name":"wp","href":"https:\/\/api.w.org\/{rel}","templated":true}]}}